{"id":885,"date":"2024-04-24T11:41:21","date_gmt":"2024-04-24T09:41:21","guid":{"rendered":"http:\/\/laconciergepaca.com\/?page_id=885"},"modified":"2024-05-15T11:24:52","modified_gmt":"2024-05-15T09:24:52","slug":"la-region","status":"publish","type":"page","link":"https:\/\/laconciergepaca.com\/index.php\/la-region\/","title":{"rendered":"La r\u00e9gion"},"content":{"rendered":"\t\t<div data-elementor-type=\"wp-page\" data-elementor-id=\"885\" class=\"elementor elementor-885\" data-elementor-post-type=\"page\">\n\t\t\t\t<div class=\"elementor-element elementor-element-42baf82 e-flex e-con-boxed e-con e-parent\" data-id=\"42baf82\" data-element_type=\"container\" data-core-v316-plus=\"true\">\n\t\t\t\t\t<div class=\"e-con-inner\">\n\t\t\t\t<div class=\"elementor-element elementor-element-5584dca elementor-widget elementor-widget-text-editor\" data-id=\"5584dca\" data-element_type=\"widget\" data-widget_type=\"text-editor.default\">\n\t\t\t\t<div class=\"elementor-widget-container\">\n\t\t\t<style>\/*! elementor - v3.20.0 - 26-03-2024 *\/\n.elementor-widget-text-editor.elementor-drop-cap-view-stacked .elementor-drop-cap{background-color:#69727d;color:#fff}.elementor-widget-text-editor.elementor-drop-cap-view-framed .elementor-drop-cap{color:#69727d;border:3px solid;background-color:transparent}.elementor-widget-text-editor:not(.elementor-drop-cap-view-default) .elementor-drop-cap{margin-top:8px}.elementor-widget-text-editor:not(.elementor-drop-cap-view-default) .elementor-drop-cap-letter{width:1em;height:1em}.elementor-widget-text-editor .elementor-drop-cap{float:left;text-align:center;line-height:1;font-size:50px}.elementor-widget-text-editor .elementor-drop-cap-letter{display:inline-block}<\/style>\t\t\t\t<p>Notre r\u00e9gion est l&rsquo;une des plus agr\u00e9ables de France et peut \u00eatre du monde! Le Var est extr\u00eamement vari\u00e9, poss\u00e8de une cote pr\u00e9serv\u00e9e et un arri\u00e8re pays exceptionnel. La Cote d&rsquo;Azur en g\u00e9n\u00e9ral est tr\u00e8s appr\u00e9ci\u00e9e pour ses riches paysages.<\/p><p>Le Golfe de Saint Tropez est c\u00e9l\u00e8bre pour ce fameux village proven\u00e7al atypique puisqu&rsquo;il regroupe \u00e0 la fois les plus grands clubs de la plan\u00e8te et des petits coins tranquilles.<\/p><ul><li>Tout le golfe est magnifique, cette enclave de mer a permis la construction de villes et de villages tout autour, qui se nourrissent de cette mer qui nous apaise et nous obs\u00e8de.<\/li><li>Grimaud et son village mais aussi son port atypique, la Venise proven\u00e7ale, vous laisseront sans voix.<\/li><li>Sainte Maxime et le coeur du village avec ses commerces vous permettront de passer des apr\u00e8s midi \u00e0 vous promener dans ses ruelles.<\/li><li>La Croix Valmer qui surplombe toute la baie de Cavalaire avec une vue jusqu&rsquo;aux iles de Hy\u00e8res.<\/li><li>Ramatuelle, l&#8217;embl\u00e9matique village de provence, avec ses ruelles charmantes et ses plages reconnues.<\/li><li>La M\u00f4le, petit village un peu plus excentr\u00e9 mais qui abrite des restaurants qui valent le d\u00e9placement ainsi que des ballades en plein air au milieu d&rsquo;une nature pr\u00e9serv\u00e9e.<\/li><li>Et bien d&rsquo;autres encore dans le Golfe de Saint Tropez.<\/li><\/ul><p>Mais nous avons aussi une connaissance du reste de la r\u00e9gion avec Cannes, Nice, Marseille, Hyeres, Cassis, La Ciotat, &#8230;<\/p><p>Et \u00e9galement les villages de bord de mer comme le Rayol Canadel, Bormes les Mimosas, le Lavandou, Caqueiranne, &#8230;<\/p><p>Enfin, nous connaissons tr\u00e8s bien la Corse \u00e9galement et nous serons \u00e0 m\u00eame de vous renseigner sur les plus beaux coins de l&rsquo;ile de beaut\u00e9.<\/p>\t\t\t\t\t\t<\/div>\n\t\t\t\t<\/div>\n\t\t\t\t\t<\/div>\n\t\t\t\t<\/div>\n\t\t<div class=\"elementor-element elementor-element-9051e52 e-flex e-con-boxed e-con e-parent\" data-id=\"9051e52\" data-element_type=\"container\" data-core-v316-plus=\"true\">\n\t\t\t\t\t<div class=\"e-con-inner\">\n\t\t\t\t<div class=\"elementor-element elementor-element-adbd493 elementor-widget__width-inherit elementor-skin-carousel elementor-arrows-yes elementor-pagination-type-bullets elementor-pagination-position-outside elementor-widget elementor-widget-media-carousel\" data-id=\"adbd493\" data-element_type=\"widget\" data-settings=\"{&quot;effect&quot;:&quot;cube&quot;,&quot;skin&quot;:&quot;carousel&quot;,&quot;show_arrows&quot;:&quot;yes&quot;,&quot;pagination&quot;:&quot;bullets&quot;,&quot;speed&quot;:500,&quot;autoplay&quot;:&quot;yes&quot;,&quot;autoplay_speed&quot;:5000,&quot;loop&quot;:&quot;yes&quot;,&quot;pause_on_hover&quot;:&quot;yes&quot;,&quot;pause_on_interaction&quot;:&quot;yes&quot;,&quot;space_between&quot;:{&quot;unit&quot;:&quot;px&quot;,&quot;size&quot;:10,&quot;sizes&quot;:[]},&quot;space_between_tablet&quot;:{&quot;unit&quot;:&quot;px&quot;,&quot;size&quot;:10,&quot;sizes&quot;:[]},&quot;space_between_mobile&quot;:{&quot;unit&quot;:&quot;px&quot;,&quot;size&quot;:10,&quot;sizes&quot;:[]}}\" data-widget_type=\"media-carousel.default\">\n\t\t\t\t<div class=\"elementor-widget-container\">\n\t\t\t<link rel=\"stylesheet\" href=\"https:\/\/laconciergepaca.com\/wp-content\/plugins\/elementor-pro\/assets\/css\/widget-carousel.min.css\">\t\t<div class=\"elementor-swiper\">\n\t\t\t<div class=\"elementor-main-swiper swiper\">\n\t\t\t\t<div class=\"swiper-wrapper\">\n\t\t\t\t\t\t\t\t\t\t\t<div class=\"swiper-slide\">\n\t\t\t\t\t\t\t\t\t<div class=\"elementor-carousel-image\" role=\"img\" aria-label=\"Saint Tropez\" style=\"background-image: url(&#039;https:\/\/laconciergepaca.com\/wp-content\/uploads\/2024\/04\/FCED891A-2068-4AA7-B91D-D927C16B2887_1_105_c.jpeg&#039;)\">\n\n\t\t\t\n\t\t\t\t\t<\/div>\n\t\t\t\t\t\t\t\t<\/div>\n\t\t\t\t\t\t\t\t\t\t\t<div class=\"swiper-slide\">\n\t\t\t\t\t\t\t\t\t<div class=\"elementor-carousel-image\" role=\"img\" aria-label=\"Saint Tropez\" style=\"background-image: url(&#039;https:\/\/laconciergepaca.com\/wp-content\/uploads\/2024\/04\/834788AC-9325-4099-A6DE-D2B59B205438_1_105_c.jpeg&#039;)\">\n\n\t\t\t\n\t\t\t\t\t<\/div>\n\t\t\t\t\t\t\t\t<\/div>\n\t\t\t\t\t\t\t\t\t\t\t<div class=\"swiper-slide\">\n\t\t\t\t\t\t\t\t\t<div class=\"elementor-carousel-image\" role=\"img\" aria-label=\"Port Grimaud\" style=\"background-image: url(&#039;https:\/\/laconciergepaca.com\/wp-content\/uploads\/2024\/04\/0BBE9560-776C-42D7-AB8C-F2C7CFB64DD7_1_105_c.jpeg&#039;)\">\n\n\t\t\t\n\t\t\t\t\t<\/div>\n\t\t\t\t\t\t\t\t<\/div>\n\t\t\t\t\t\t\t\t\t\t\t<div class=\"swiper-slide\">\n\t\t\t\t\t\t\t\t\t<div class=\"elementor-carousel-image\" role=\"img\" aria-label=\"Balade arri\u00e8re pays\" style=\"background-image: url(&#039;https:\/\/laconciergepaca.com\/wp-content\/uploads\/2024\/04\/DB2E6927-6740-4992-AE56-99057247E07B_1_105_c.jpeg&#039;)\">\n\n\t\t\t\n\t\t\t\t\t<\/div>\n\t\t\t\t\t\t\t\t<\/div>\n\t\t\t\t\t\t\t\t\t\t\t<div class=\"swiper-slide\">\n\t\t\t\t\t\t\t\t\t<div class=\"elementor-carousel-image\" role=\"img\" aria-label=\"Golfe de Saint Tropez\" style=\"background-image: url(&#039;https:\/\/laconciergepaca.com\/wp-content\/uploads\/2024\/03\/Golfe-de-Saint-Tropez.jpg&#039;)\">\n\n\t\t\t\n\t\t\t\t\t<\/div>\n\t\t\t\t\t\t\t\t<\/div>\n\t\t\t\t\t\t\t\t\t\t\t<div class=\"swiper-slide\">\n\t\t\t\t\t\t\t\t\t<div class=\"elementor-carousel-image\" role=\"img\" aria-label=\"Cassis\" style=\"background-image: url(&#039;https:\/\/laconciergepaca.com\/wp-content\/uploads\/2024\/04\/B8BC4D8A-CC87-4CA5-8CEE-748B4021B111_1_105_c.jpeg&#039;)\">\n\n\t\t\t\n\t\t\t\t\t<\/div>\n\t\t\t\t\t\t\t\t<\/div>\n\t\t\t\t\t\t\t\t\t\t\t<div class=\"swiper-slide\">\n\t\t\t\t\t\t\t\t\t<div class=\"elementor-carousel-image\" role=\"img\" aria-label=\"Corse\" style=\"background-image: url(&#039;https:\/\/laconciergepaca.com\/wp-content\/uploads\/2024\/04\/9D088E37-9633-4729-9D2A-CC75F5122FFB_1_105_c.jpeg&#039;)\">\n\n\t\t\t\n\t\t\t\t\t<\/div>\n\t\t\t\t\t\t\t\t<\/div>\n\t\t\t\t\t\t\t\t\t\t\t<div class=\"swiper-slide\">\n\t\t\t\t\t\t\t\t\t<div class=\"elementor-carousel-image\" role=\"img\" aria-label=\"Marseille\" style=\"background-image: url(&#039;https:\/\/laconciergepaca.com\/wp-content\/uploads\/2024\/04\/99A7C07F-EA45-41BA-A4FB-1EAAC31A2321_1_105_c.jpeg&#039;)\">\n\n\t\t\t\n\t\t\t\t\t<\/div>\n\t\t\t\t\t\t\t\t<\/div>\n\t\t\t\t\t\t\t\t\t\t\t<div class=\"swiper-slide\">\n\t\t\t\t\t\t\t\t\t<div class=\"elementor-carousel-image\" role=\"img\" aria-label=\"Cassis\" style=\"background-image: url(&#039;https:\/\/laconciergepaca.com\/wp-content\/uploads\/2024\/04\/4CFED349-1FFA-4DEA-91FA-56AEBC7A1B6B_1_105_c.jpeg&#039;)\">\n\n\t\t\t\n\t\t\t\t\t<\/div>\n\t\t\t\t\t\t\t\t<\/div>\n\t\t\t\t\t\t\t\t\t<\/div>\n\t\t\t\t\t\t\t\t\t\t\t\t\t\t\t<div class=\"swiper-pagination\"><\/div>\n\t\t\t\t\t\t\t\t\t\t\t\t\t\t\t\t<div class=\"elementor-swiper-button elementor-swiper-button-prev\" role=\"button\" tabindex=\"0\">\n\t\t\t\t\t\t\t<svg aria-hidden=\"true\" class=\"e-font-icon-svg e-eicon-chevron-left\" viewBox=\"0 0 1000 1000\" xmlns=\"http:\/\/www.w3.org\/2000\/svg\"><path d=\"M646 125C629 125 613 133 604 142L308 442C296 454 292 471 292 487 292 504 296 521 308 533L604 854C617 867 629 875 646 875 663 875 679 871 692 858 704 846 713 829 713 812 713 796 708 779 692 767L438 487 692 225C700 217 708 204 708 187 708 171 704 154 692 142 675 129 663 125 646 125Z\"><\/path><\/svg>\t\t\t\t\t\t\t<span class=\"elementor-screen-only\">Pr\u00e9c\u00e9dent<\/span>\n\t\t\t\t\t\t<\/div>\n\t\t\t\t\t\t<div class=\"elementor-swiper-button elementor-swiper-button-next\" role=\"button\" tabindex=\"0\">\n\t\t\t\t\t\t\t<svg aria-hidden=\"true\" class=\"e-font-icon-svg e-eicon-chevron-right\" viewBox=\"0 0 1000 1000\" xmlns=\"http:\/\/www.w3.org\/2000\/svg\"><path d=\"M696 533C708 521 713 504 713 487 713 471 708 454 696 446L400 146C388 133 375 125 354 125 338 125 325 129 313 142 300 154 292 171 292 187 292 204 296 221 308 233L563 492 304 771C292 783 288 800 288 817 288 833 296 850 308 863 321 871 338 875 354 875 371 875 388 867 400 854L696 533Z\"><\/path><\/svg>\t\t\t\t\t\t\t<span class=\"elementor-screen-only\">Suivant<\/span>\n\t\t\t\t\t\t<\/div>\n\t\t\t\t\t\t\t\t\t\t\t\t<\/div>\n\t\t<\/div>\n\t\t\t\t<\/div>\n\t\t\t\t<\/div>\n\t\t\t\t\t<\/div>\n\t\t\t\t<\/div>\n\t\t\t\t<\/div>\n\t\t","protected":false},"excerpt":{"rendered":"<p>Notre r\u00e9gion est l&rsquo;une des plus agr\u00e9ables de France et peut \u00eatre du monde! Le Var est extr\u00eamement vari\u00e9, poss\u00e8de une cote pr\u00e9serv\u00e9e et un arri\u00e8re pays exceptionnel. La Cote d&rsquo;Azur en g\u00e9n\u00e9ral est tr\u00e8s appr\u00e9ci\u00e9e pour ses riches paysages. Le Golfe de Saint Tropez est c\u00e9l\u00e8bre pour ce fameux village proven\u00e7al atypique puisqu&rsquo;il regroupe <a class=\"read-more\" href=\"https:\/\/laconciergepaca.com\/index.php\/la-region\/\">READ MORE<\/a><\/p>\n","protected":false},"author":1,"featured_media":0,"parent":0,"menu_order":0,"comment_status":"closed","ping_status":"closed","template":"","meta":{"footnotes":""},"class_list":["post-885","page","type-page","status-publish","hentry"],"_links":{"self":[{"href":"https:\/\/laconciergepaca.com\/index.php\/wp-json\/wp\/v2\/pages\/885","targetHints":{"allow":["GET"]}}],"collection":[{"href":"https:\/\/laconciergepaca.com\/index.php\/wp-json\/wp\/v2\/pages"}],"about":[{"href":"https:\/\/laconciergepaca.com\/index.php\/wp-json\/wp\/v2\/types\/page"}],"author":[{"embeddable":true,"href":"https:\/\/laconciergepaca.com\/index.php\/wp-json\/wp\/v2\/users\/1"}],"replies":[{"embeddable":true,"href":"https:\/\/laconciergepaca.com\/index.php\/wp-json\/wp\/v2\/comments?post=885"}],"version-history":[{"count":20,"href":"https:\/\/laconciergepaca.com\/index.php\/wp-json\/wp\/v2\/pages\/885\/revisions"}],"predecessor-version":[{"id":990,"href":"https:\/\/laconciergepaca.com\/index.php\/wp-json\/wp\/v2\/pages\/885\/revisions\/990"}],"wp:attachment":[{"href":"https:\/\/laconciergepaca.com\/index.php\/wp-json\/wp\/v2\/media?parent=885"}],"curies":[{"name":"wp","href":"https:\/\/api.w.org\/{rel}","templated":true}]}}