{"id":76,"date":"2024-03-24T19:39:30","date_gmt":"2024-03-24T18:39:30","guid":{"rendered":"http:\/\/laconciergepaca.com\/?page_id=76"},"modified":"2024-04-26T10:50:47","modified_gmt":"2024-04-26T08:50:47","slug":"notre-philosophie","status":"publish","type":"page","link":"https:\/\/laconciergepaca.com\/index.php\/notre-philosophie\/","title":{"rendered":"Notre philosophie"},"content":{"rendered":"\t\t<div data-elementor-type=\"wp-page\" data-elementor-id=\"76\" class=\"elementor elementor-76\" data-elementor-post-type=\"page\">\n\t\t\t\t<div class=\"elementor-element elementor-element-75cbbbb e-flex e-con-boxed e-con e-parent\" data-id=\"75cbbbb\" data-element_type=\"container\" data-core-v316-plus=\"true\">\n\t\t\t\t\t<div class=\"e-con-inner\">\n\t\t\t\t<div class=\"elementor-element elementor-element-0f300b2 elementor-widget elementor-widget-text-editor\" data-id=\"0f300b2\" data-element_type=\"widget\" data-widget_type=\"text-editor.default\">\n\t\t\t\t<div class=\"elementor-widget-container\">\n\t\t\t<style>\/*! elementor - v3.20.0 - 26-03-2024 *\/\n.elementor-widget-text-editor.elementor-drop-cap-view-stacked .elementor-drop-cap{background-color:#69727d;color:#fff}.elementor-widget-text-editor.elementor-drop-cap-view-framed .elementor-drop-cap{color:#69727d;border:3px solid;background-color:transparent}.elementor-widget-text-editor:not(.elementor-drop-cap-view-default) .elementor-drop-cap{margin-top:8px}.elementor-widget-text-editor:not(.elementor-drop-cap-view-default) .elementor-drop-cap-letter{width:1em;height:1em}.elementor-widget-text-editor .elementor-drop-cap{float:left;text-align:center;line-height:1;font-size:50px}.elementor-widget-text-editor .elementor-drop-cap-letter{display:inline-block}<\/style>\t\t\t\t<p>Pr\u00e9c\u00e9demment dans le nautisme pendant plusieurs ann\u00e9es, Laetitia a construit un solide r\u00e9seau de partenaires de qualit\u00e9 dans le Golfe de Saint Tropez et sur la Cote d&rsquo;Azur. <\/p>\n<p>Organis\u00e9e, rigoureuse et avec le soucis du d\u00e9tail, elle saura r\u00e9pondre \u00e0 vos attentes.<\/p>\n<p>Laetitia aime connaitre vos habitudes pour anticiper vos besoins.<\/p>\n<p>Laetitia a aussi organis\u00e9 des rallyes en voitures anciennes, notamment en Afrique du Sud, elle sait s&rsquo;adapter \u00e0 vos demandes et \u00e0 ses interlocuteurs.<\/p>\n<p>N&rsquo;h\u00e9sitez pas \u00e0 lui faire part de vos projets, elle fera appel \u00e0 tous ses collaborateurs pour r\u00e9pondre \u00e0 vos demandes.<\/p>\t\t\t\t\t\t<\/div>\n\t\t\t\t<\/div>\n\t\t\t\t\t<\/div>\n\t\t\t\t<\/div>\n\t\t<div class=\"elementor-element elementor-element-b2a80d5 e-flex e-con-boxed e-con e-parent\" data-id=\"b2a80d5\" data-element_type=\"container\" data-core-v316-plus=\"true\">\n\t\t\t\t\t<div class=\"e-con-inner\">\n\t\t<div class=\"elementor-element elementor-element-9dad36c e-con-full e-flex e-con e-child\" data-id=\"9dad36c\" data-element_type=\"container\">\n\t\t\t\t<div class=\"elementor-element elementor-element-8c8f8d8 elementor-widget elementor-widget-image\" data-id=\"8c8f8d8\" data-element_type=\"widget\" data-settings=\"{&quot;motion_fx_motion_fx_mouse&quot;:&quot;yes&quot;,&quot;motion_fx_tilt_effect&quot;:&quot;yes&quot;,&quot;motion_fx_tilt_speed&quot;:{&quot;unit&quot;:&quot;px&quot;,&quot;size&quot;:4,&quot;sizes&quot;:[]}}\" data-widget_type=\"image.default\">\n\t\t\t\t<div class=\"elementor-widget-container\">\n\t\t\t<style>\/*! elementor - v3.20.0 - 26-03-2024 *\/\n.elementor-widget-image{text-align:center}.elementor-widget-image a{display:inline-block}.elementor-widget-image a img[src$=\".svg\"]{width:48px}.elementor-widget-image img{vertical-align:middle;display:inline-block}<\/style>\t\t\t\t\t\t\t\t\t\t<img fetchpriority=\"high\" decoding=\"async\" width=\"837\" height=\"558\" src=\"https:\/\/laconciergepaca.com\/wp-content\/uploads\/2024\/03\/LG-1024x683.jpg\" class=\"attachment-large size-large wp-image-78\" alt=\"\" srcset=\"https:\/\/laconciergepaca.com\/wp-content\/uploads\/2024\/03\/LG-1024x683.jpg 1024w, https:\/\/laconciergepaca.com\/wp-content\/uploads\/2024\/03\/LG-300x200.jpg 300w, https:\/\/laconciergepaca.com\/wp-content\/uploads\/2024\/03\/LG-768x512.jpg 768w, https:\/\/laconciergepaca.com\/wp-content\/uploads\/2024\/03\/LG-1536x1024.jpg 1536w, https:\/\/laconciergepaca.com\/wp-content\/uploads\/2024\/03\/LG-2048x1365.jpg 2048w\" sizes=\"(max-width: 837px) 100vw, 837px\" \/>\t\t\t\t\t\t\t\t\t\t\t\t\t<\/div>\n\t\t\t\t<\/div>\n\t\t\t\t<\/div>\n\t\t<div class=\"elementor-element elementor-element-17de3c8 e-con-full e-flex e-con e-child\" data-id=\"17de3c8\" data-element_type=\"container\">\n\t\t\t\t<div class=\"elementor-element elementor-element-e6614fb elementor-widget elementor-widget-image\" data-id=\"e6614fb\" data-element_type=\"widget\" data-settings=\"{&quot;motion_fx_motion_fx_mouse&quot;:&quot;yes&quot;,&quot;motion_fx_tilt_effect&quot;:&quot;yes&quot;,&quot;motion_fx_tilt_speed&quot;:{&quot;unit&quot;:&quot;px&quot;,&quot;size&quot;:4,&quot;sizes&quot;:[]}}\" data-widget_type=\"image.default\">\n\t\t\t\t<div class=\"elementor-widget-container\">\n\t\t\t\t\t\t\t\t\t\t\t\t\t<img decoding=\"async\" width=\"837\" height=\"656\" src=\"https:\/\/laconciergepaca.com\/wp-content\/uploads\/2024\/03\/6B4779F2-307D-4F54-8F7B-69C71FE95B6E_1_201_a-scaled-e1711305408552-1024x803.jpeg\" class=\"attachment-large size-large wp-image-77\" alt=\"\" srcset=\"https:\/\/laconciergepaca.com\/wp-content\/uploads\/2024\/03\/6B4779F2-307D-4F54-8F7B-69C71FE95B6E_1_201_a-scaled-e1711305408552-1024x803.jpeg 1024w, https:\/\/laconciergepaca.com\/wp-content\/uploads\/2024\/03\/6B4779F2-307D-4F54-8F7B-69C71FE95B6E_1_201_a-scaled-e1711305408552-300x235.jpeg 300w, https:\/\/laconciergepaca.com\/wp-content\/uploads\/2024\/03\/6B4779F2-307D-4F54-8F7B-69C71FE95B6E_1_201_a-scaled-e1711305408552-768x602.jpeg 768w, https:\/\/laconciergepaca.com\/wp-content\/uploads\/2024\/03\/6B4779F2-307D-4F54-8F7B-69C71FE95B6E_1_201_a-scaled-e1711305408552-1536x1205.jpeg 1536w, https:\/\/laconciergepaca.com\/wp-content\/uploads\/2024\/03\/6B4779F2-307D-4F54-8F7B-69C71FE95B6E_1_201_a-scaled-e1711305408552.jpeg 1958w\" sizes=\"(max-width: 837px) 100vw, 837px\" \/>\t\t\t\t\t\t\t\t\t\t\t\t\t<\/div>\n\t\t\t\t<\/div>\n\t\t\t\t<\/div>\n\t\t\t\t\t<\/div>\n\t\t\t\t<\/div>\n\t\t<div class=\"elementor-element elementor-element-6855456 e-flex e-con-boxed e-con e-parent\" data-id=\"6855456\" data-element_type=\"container\" data-core-v316-plus=\"true\">\n\t\t\t\t\t<div class=\"e-con-inner\">\n\t\t\t\t<div class=\"elementor-element elementor-element-0d40806 elementor-widget elementor-widget-text-editor\" data-id=\"0d40806\" data-element_type=\"widget\" data-widget_type=\"text-editor.default\">\n\t\t\t\t<div class=\"elementor-widget-container\">\n\t\t\t\t\t\t\t<p><em>\u00ab\u00a0Je suis extr\u00eamement attach\u00e9e au service client, pour moi c&rsquo;est le plus important. Je connais bien la r\u00e9gion, autant le Golfe de Saint Tropez que l&rsquo;arri\u00e8re pays et je saurai vous faire d\u00e9couvrir des endroits et des activit\u00e9s inattendus. Depuis plusieurs ann\u00e9es, j&rsquo;ai b\u00e2ti des partenariats sains et solides avec des personnes sur qui je peux compter. J&rsquo;ai personnellement test\u00e9 et valid\u00e9 chacun de mes prestataires pour r\u00e9pondre au mieux \u00e0 vos demandes.\u00a0\u00bb<\/em><\/p>\t\t\t\t\t\t<\/div>\n\t\t\t\t<\/div>\n\t\t\t\t\t<\/div>\n\t\t\t\t<\/div>\n\t\t\t\t<\/div>\n\t\t","protected":false},"excerpt":{"rendered":"<p>Pr\u00e9c\u00e9demment dans le nautisme pendant plusieurs ann\u00e9es, Laetitia a construit un solide r\u00e9seau de partenaires de qualit\u00e9 dans le Golfe de Saint Tropez et sur la Cote d&rsquo;Azur. Organis\u00e9e, rigoureuse et avec le soucis du d\u00e9tail, elle saura r\u00e9pondre \u00e0 vos attentes. Laetitia aime connaitre vos habitudes pour anticiper vos besoins. Laetitia a aussi organis\u00e9 <a class=\"read-more\" href=\"https:\/\/laconciergepaca.com\/index.php\/notre-philosophie\/\">READ MORE<\/a><\/p>\n","protected":false},"author":1,"featured_media":0,"parent":0,"menu_order":0,"comment_status":"closed","ping_status":"closed","template":"","meta":{"footnotes":""},"class_list":["post-76","page","type-page","status-publish","hentry"],"_links":{"self":[{"href":"https:\/\/laconciergepaca.com\/index.php\/wp-json\/wp\/v2\/pages\/76","targetHints":{"allow":["GET"]}}],"collection":[{"href":"https:\/\/laconciergepaca.com\/index.php\/wp-json\/wp\/v2\/pages"}],"about":[{"href":"https:\/\/laconciergepaca.com\/index.php\/wp-json\/wp\/v2\/types\/page"}],"author":[{"embeddable":true,"href":"https:\/\/laconciergepaca.com\/index.php\/wp-json\/wp\/v2\/users\/1"}],"replies":[{"embeddable":true,"href":"https:\/\/laconciergepaca.com\/index.php\/wp-json\/wp\/v2\/comments?post=76"}],"version-history":[{"count":26,"href":"https:\/\/laconciergepaca.com\/index.php\/wp-json\/wp\/v2\/pages\/76\/revisions"}],"predecessor-version":[{"id":967,"href":"https:\/\/laconciergepaca.com\/index.php\/wp-json\/wp\/v2\/pages\/76\/revisions\/967"}],"wp:attachment":[{"href":"https:\/\/laconciergepaca.com\/index.php\/wp-json\/wp\/v2\/media?parent=76"}],"curies":[{"name":"wp","href":"https:\/\/api.w.org\/{rel}","templated":true}]}}